{"id":487,"date":"2022-12-05T09:57:23","date_gmt":"2022-12-05T09:57:23","guid":{"rendered":"https:\/\/catedraseat.upc.edu\/bases-i-calendari\/"},"modified":"2025-11-06T20:18:04","modified_gmt":"2025-11-06T20:18:04","slug":"bases-i-calendari","status":"publish","type":"page","link":"https:\/\/catedraseat.upc.edu\/ca\/bases-i-calendari\/","title":{"rendered":"Bases i calendari"},"content":{"rendered":"[vc_row type=&#8221;full_width_background&#8221; full_screen_row_position=&#8221;middle&#8221; column_margin=&#8221;default&#8221; column_direction=&#8221;default&#8221; column_direction_tablet=&#8221;default&#8221; column_direction_phone=&#8221;default&#8221; bg_color=&#8221;#ffffff&#8221; scene_position=&#8221;center&#8221; top_padding=&#8221;80px&#8221; bottom_padding=&#8221;80px&#8221; text_color=&#8221;custom&#8221; custom_text_color=&#8221;#2c2a29&#8243; text_align=&#8221;left&#8221; row_border_radius=&#8221;none&#8221; row_border_radius_applies=&#8221;bg&#8221; overflow=&#8221;visible&#8221; overlay_strength=&#8221;0.3&#8243; gradient_direction=&#8221;left_to_right&#8221; shape_divider_position=&#8221;bottom&#8221; bg_image_animation=&#8221;none&#8221; gradient_type=&#8221;default&#8221; shape_type=&#8221;&#8221;][vc_column column_padding=&#8221;no-extra-padding&#8221; column_padding_tablet=&#8221;inherit&#8221; column_padding_phone=&#8221;inherit&#8221; column_padding_position=&#8221;all&#8221; column_element_direction_desktop=&#8221;default&#8221; column_element_spacing=&#8221;default&#8221; desktop_text_alignment=&#8221;default&#8221; tablet_text_alignment=&#8221;default&#8221; phone_text_alignment=&#8221;default&#8221; background_color_opacity=&#8221;1&#8243; background_hover_color_opacity=&#8221;1&#8243; column_backdrop_filter=&#8221;none&#8221; column_shadow=&#8221;none&#8221; column_border_radius=&#8221;none&#8221; column_link_target=&#8221;_self&#8221; column_position=&#8221;default&#8221; gradient_direction=&#8221;left_to_right&#8221; overlay_strength=&#8221;0.3&#8243; width=&#8221;1\/1&#8243; tablet_width_inherit=&#8221;default&#8221; animation_type=&#8221;default&#8221; bg_image_animation=&#8221;none&#8221; border_type=&#8221;simple&#8221; column_border_width=&#8221;none&#8221; column_border_style=&#8221;solid&#8221;][vc_custom_heading text=&#8221;Bases del concurs SEAT UPC DESIGN THINKING 2025 &#8211; 2026&#8243; font_container=&#8221;tag:h2|font_size:2em|text_align:left|color:%23b3a097|line_height:1.1em&#8221; use_theme_fonts=&#8221;yes&#8221;][divider line_type=&#8221;No Line&#8221; custom_height=&#8221;40px&#8221;][vc_column_text]<strong style=\"font-family: 'SEATBCN Book';\">Des de la C\u00e0tedra SEAT-UPC endeguem el Design Thinking 2025-2026 (DT-2026), un repte proposat per SEAT en l&#8217;\u00e0mbit de l&#8217;automoci\u00f3.<\/strong><\/p>\n<p>Els participants en el DT-2026 han de ser estudiants de grau (tercer i quart) o m\u00e0ster de <strong style=\"font-family: 'SEATBCN Book';\">l&#8217;ETSEIB, l&#8217;ESEIAAT, l&#8217;EEBE, l&#8217;ETSETB, l&#8217;EETAC, l&#8217;EPSEM, l&#8217;EPSEVG, la FIB, la FME i el CFIS.<\/strong> Els participants s\u2019inscriuran en <strong style=\"font-family: 'SEATBCN Book';\">equips d\u2019un m\u00e0xim de 4 estudiants<\/strong>. Els equips poden tenir membres de diferents centres i de diferents titulacions.<\/p>\n<p>Excepcionalment s\u2019admetran inscripcions individuals que podrien participar en el repte si des del comit\u00e8 seleccionador es pot configurar un grup.<\/p>\n<p>Entre els equips inscrits se seleccionaran 10, dels quals 5 abandonaran el repte a partir de la quarta setmana. Els 5 equips restants continuaran fins al final on hauran d\u2019entregar una mem\u00f2ria amb les propostes i els resultats obtinguts, i fer una breu presentaci\u00f3 davant el jurat. L&#8217;equip guanyador rebr\u00e0 un primer premi de <strong style=\"font-family: 'SEATBCN Book';\">3.000 euros<\/strong>. I l&#8217;equip que quedi segon un premi de <strong style=\"font-family: 'SEATBCN Book';\">1.500 euros<\/strong>.[\/vc_column_text][divider line_type=&#8221;No Line&#8221; custom_height=&#8221;40px&#8221;][nectar_btn size=&#8221;large&#8221; open_new_tab=&#8221;true&#8221; button_style=&#8221;regular&#8221; button_color_2=&#8221;Extra-Color-1&#8243; solid_text_color_override=&#8221;#000000&#8243; icon_family=&#8221;none&#8221; text=&#8221;Veure Reptes Anteriors&#8221; url=&#8221;\/ca\/reptes-anteriors\/&#8221;][\/vc_column][\/vc_row][vc_row type=&#8221;full_width_background&#8221; full_screen_row_position=&#8221;middle&#8221; column_margin=&#8221;default&#8221; column_direction=&#8221;default&#8221; column_direction_tablet=&#8221;default&#8221; column_direction_phone=&#8221;default&#8221; bg_color=&#8221;#ffffff&#8221; scene_position=&#8221;center&#8221; top_padding=&#8221;0&#8243; bottom_padding=&#8221;80px&#8221; text_color=&#8221;custom&#8221; custom_text_color=&#8221;#2c2a29&#8243; text_align=&#8221;left&#8221; row_border_radius=&#8221;none&#8221; row_border_radius_applies=&#8221;bg&#8221; overflow=&#8221;visible&#8221; overlay_strength=&#8221;0.3&#8243; gradient_direction=&#8221;left_to_right&#8221; shape_divider_position=&#8221;bottom&#8221; bg_image_animation=&#8221;none&#8221; gradient_type=&#8221;default&#8221; shape_type=&#8221;&#8221;][vc_column column_padding=&#8221;no-extra-padding&#8221; column_padding_tablet=&#8221;inherit&#8221; column_padding_phone=&#8221;inherit&#8221; column_padding_position=&#8221;all&#8221; column_element_direction_desktop=&#8221;default&#8221; column_element_spacing=&#8221;default&#8221; desktop_text_alignment=&#8221;default&#8221; tablet_text_alignment=&#8221;default&#8221; phone_text_alignment=&#8221;default&#8221; background_color_opacity=&#8221;1&#8243; background_hover_color_opacity=&#8221;1&#8243; column_backdrop_filter=&#8221;none&#8221; column_shadow=&#8221;none&#8221; column_border_radius=&#8221;none&#8221; column_link_target=&#8221;_self&#8221; column_position=&#8221;default&#8221; gradient_direction=&#8221;left_to_right&#8221; overlay_strength=&#8221;0.3&#8243; width=&#8221;1\/1&#8243; tablet_width_inherit=&#8221;default&#8221; animation_type=&#8221;default&#8221; bg_image_animation=&#8221;none&#8221; border_type=&#8221;simple&#8221; column_border_width=&#8221;none&#8221; column_border_style=&#8221;solid&#8221;][vc_column_text]\n<div class=\"page\" title=\"Page 8\">\n<div class=\"section\">\n<div class=\"layoutArea\">\n<div class=\"column\">\n<h3>Calendari d&#8217;activitats<\/h3>\n<\/div>\n<\/div>\n<\/div>\n<\/div>\n[\/vc_column_text][vc_row_inner column_margin=&#8221;default&#8221; column_direction=&#8221;default&#8221; column_direction_tablet=&#8221;default&#8221; column_direction_phone=&#8221;default&#8221; top_padding=&#8221;0&#8243; text_align=&#8221;left&#8221; row_position=&#8221;default&#8221; row_position_tablet=&#8221;inherit&#8221; row_position_phone=&#8221;inherit&#8221; overflow=&#8221;visible&#8221; pointer_events=&#8221;all&#8221;][vc_column_inner column_padding=&#8221;no-extra-padding&#8221; column_padding_tablet=&#8221;inherit&#8221; column_padding_phone=&#8221;inherit&#8221; column_padding_position=&#8221;all&#8221; column_element_direction_desktop=&#8221;default&#8221; column_element_spacing=&#8221;default&#8221; desktop_text_alignment=&#8221;default&#8221; tablet_text_alignment=&#8221;default&#8221; phone_text_alignment=&#8221;default&#8221; background_color_opacity=&#8221;1&#8243; background_hover_color_opacity=&#8221;1&#8243; column_backdrop_filter=&#8221;none&#8221; column_shadow=&#8221;none&#8221; column_border_radius=&#8221;none&#8221; column_link_target=&#8221;_self&#8221; overflow=&#8221;visible&#8221; gradient_direction=&#8221;left_to_right&#8221; overlay_strength=&#8221;0.3&#8243; width=&#8221;1\/1&#8243; tablet_width_inherit=&#8221;default&#8221; animation_type=&#8221;default&#8221; enable_animation=&#8221;true&#8221; animation=&#8221;fade-in-from-bottom&#8221; animation_easing=&#8221;default&#8221; bg_image_animation=&#8221;none&#8221; border_type=&#8221;simple&#8221; column_border_width=&#8221;none&#8221; column_border_style=&#8221;solid&#8221;][nectar_horizontal_list_item columns=&#8221;4&#8243; column_layout_using_4_columns=&#8221;even&#8221; col_1_text_align=&#8221;left&#8221; col_2_text_align=&#8221;left&#8221; col_3_text_align=&#8221;left&#8221; col_4_text_align=&#8221;left&#8221; col_1_text_element=&#8221;h4&#8243; col_2_text_element=&#8221;h4&#8243; col_3_text_element=&#8221;h4&#8243; col_4_text_element=&#8221;h4&#8243; font_family=&#8221;p&#8221; hover_effect=&#8221;none&#8221; icon_family=&#8221;none&#8221; icon_size=&#8221;regular&#8221; col_1_content=&#8221;Activitat&#8221; col_2_content=&#8221;Dies&#8221; col_3_content=&#8221;Horari&#8221; col_4_content=&#8221;Detall&#8221;][nectar_horizontal_list_item columns=&#8221;4&#8243; column_layout_using_4_columns=&#8221;even&#8221; col_1_text_align=&#8221;left&#8221; col_2_text_align=&#8221;left&#8221; col_3_text_align=&#8221;left&#8221; col_4_text_align=&#8221;left&#8221; col_1_text_element=&#8221;p&#8221; col_2_text_element=&#8221;p&#8221; col_3_text_element=&#8221;p&#8221; col_4_text_element=&#8221;p&#8221; font_family=&#8221;p&#8221; hover_effect=&#8221;full_border&#8221; hover_color=&#8221;extra-color-1&#8243; border_radius=&#8221;none&#8221; icon_family=&#8221;none&#8221; icon_size=&#8221;regular&#8221; col_1_content=&#8221;Kick off&#8221; col_2_content=&#8221;19 de febrer de 2026&#8243; col_3_content=&#8221;De 14:30 a 16:30 h&#8221; col_4_content=&#8221;Descripci\u00f3 del DT-2526 (online)&#8221;][nectar_horizontal_list_item columns=&#8221;4&#8243; column_layout_using_4_columns=&#8221;even&#8221; col_1_text_align=&#8221;left&#8221; col_2_text_align=&#8221;left&#8221; col_3_text_align=&#8221;left&#8221; col_4_text_align=&#8221;left&#8221; col_1_text_element=&#8221;p&#8221; col_2_text_element=&#8221;p&#8221; col_3_text_element=&#8221;p&#8221; col_4_text_element=&#8221;p&#8221; font_family=&#8221;p&#8221; hover_effect=&#8221;full_border&#8221; hover_color=&#8221;extra-color-1&#8243; border_radius=&#8221;none&#8221; icon_family=&#8221;none&#8221; icon_size=&#8221;regular&#8221; col_1_content=&#8221;Sessi\u00f3 de seguiment&#8221; col_2_content=&#8221;05 de mar\u00e7 de 2026&#8243; col_3_content=&#8221;De 14:30 a 16:30 h&#8221; col_4_content=&#8221;Dins d\u2019aquest horari es convocar\u00e0 a cada equip per separat, 10 min per equip (online)&#8221;][nectar_horizontal_list_item columns=&#8221;4&#8243; column_layout_using_4_columns=&#8221;even&#8221; col_1_text_align=&#8221;left&#8221; col_2_text_align=&#8221;left&#8221; col_3_text_align=&#8221;left&#8221; col_4_text_align=&#8221;left&#8221; col_1_text_element=&#8221;p&#8221; col_2_text_element=&#8221;p&#8221; col_3_text_element=&#8221;p&#8221; col_4_text_element=&#8221;p&#8221; font_family=&#8221;p&#8221; hover_effect=&#8221;full_border&#8221; hover_color=&#8221;extra-color-1&#8243; border_radius=&#8221;none&#8221; icon_family=&#8221;none&#8221; icon_size=&#8221;regular&#8221; col_1_content=&#8221;Sessions de seguiment&#8221; col_2_content=&#8221;12 de mar\u00e7 de 2026&#8243; col_3_content=&#8221;De 14:30 a 16:30 h&#8221; col_4_content=&#8221;Dins d\u2019aquest horari es convocar\u00e0 a cada equip per separat, 10 min per equip (online)&#8221;][nectar_horizontal_list_item columns=&#8221;4&#8243; column_layout_using_4_columns=&#8221;even&#8221; col_1_text_align=&#8221;left&#8221; col_2_text_align=&#8221;left&#8221; col_3_text_align=&#8221;left&#8221; col_4_text_align=&#8221;left&#8221; col_1_text_element=&#8221;p&#8221; col_2_text_element=&#8221;p&#8221; col_3_text_element=&#8221;p&#8221; col_4_text_element=&#8221;p&#8221; font_family=&#8221;p&#8221; hover_effect=&#8221;full_border&#8221; hover_color=&#8221;extra-color-1&#8243; border_radius=&#8221;none&#8221; icon_family=&#8221;none&#8221; icon_size=&#8221;regular&#8221; col_1_content=&#8221;Sessi\u00f3 de Pitch&#8221; col_2_content=&#8221;19 de mar\u00e7 de 2026&#8243; col_3_content=&#8221;De 14:30 a 16:30 h&#8221; col_4_content=&#8221;Selecci\u00f3 dels 5 equips finalistes&#8221;][nectar_horizontal_list_item columns=&#8221;4&#8243; column_layout_using_4_columns=&#8221;even&#8221; col_1_text_align=&#8221;left&#8221; col_2_text_align=&#8221;left&#8221; col_3_text_align=&#8221;left&#8221; col_4_text_align=&#8221;left&#8221; col_1_text_element=&#8221;p&#8221; col_2_text_element=&#8221;p&#8221; col_3_text_element=&#8221;p&#8221; col_4_text_element=&#8221;p&#8221; font_family=&#8221;p&#8221; hover_effect=&#8221;full_border&#8221; hover_color=&#8221;extra-color-1&#8243; border_radius=&#8221;none&#8221; icon_family=&#8221;none&#8221; icon_size=&#8221;regular&#8221; col_1_content=&#8221;Sessions de seguiment 3&#8243; col_2_content=&#8221;09 d&#039;abril de 2026&#8243; col_3_content=&#8221;De 14:30 a 16:30 h&#8221; col_4_content=&#8221;Dins d&#039;aquest horari es convocar\u00e0 cada equip per separat, 15 minuts per equip (online)&#8221;][nectar_horizontal_list_item columns=&#8221;4&#8243; column_layout_using_4_columns=&#8221;even&#8221; col_1_text_align=&#8221;left&#8221; col_2_text_align=&#8221;left&#8221; col_3_text_align=&#8221;left&#8221; col_4_text_align=&#8221;left&#8221; col_1_text_element=&#8221;p&#8221; col_2_text_element=&#8221;p&#8221; col_3_text_element=&#8221;p&#8221; col_4_text_element=&#8221;p&#8221; font_family=&#8221;p&#8221; hover_effect=&#8221;full_border&#8221; hover_color=&#8221;extra-color-1&#8243; border_radius=&#8221;none&#8221; icon_family=&#8221;none&#8221; icon_size=&#8221;regular&#8221; col_1_content=&#8221;Sessions de seguiment 4&#8243; col_2_content=&#8221;30 d&#039;abril de 2026&#8243; col_3_content=&#8221;De 14:30 a 16:30 h&#8221; col_4_content=&#8221;Dins d&#039;aquest horari es convocar\u00e0 cada equip per separat, 15 minuts per equip (online)&#8221;][nectar_horizontal_list_item columns=&#8221;4&#8243; column_layout_using_4_columns=&#8221;even&#8221; col_1_text_align=&#8221;left&#8221; col_2_text_align=&#8221;left&#8221; col_3_text_align=&#8221;left&#8221; col_4_text_align=&#8221;left&#8221; col_1_text_element=&#8221;p&#8221; col_2_text_element=&#8221;p&#8221; col_3_text_element=&#8221;p&#8221; col_4_text_element=&#8221;p&#8221; font_family=&#8221;p&#8221; hover_effect=&#8221;full_border&#8221; hover_color=&#8221;extra-color-1&#8243; border_radius=&#8221;none&#8221; icon_family=&#8221;none&#8221; icon_size=&#8221;regular&#8221; col_1_content=&#8221;Presentaci\u00f3 davant el jurat i selecci\u00f3 del guanyador&#8221; col_2_content=&#8221;14 de maig de 2026&#8243; col_3_content=&#8221;De 14:30 a 16:30 h&#8221; col_4_content=&#8221;Presencial a Barcelona&#8221;][\/vc_column_inner][\/vc_row_inner][\/vc_column][\/vc_row]\n","protected":false},"excerpt":{"rendered":"<p>[vc_row type=&#8221;full_width_background&#8221; full_screen_row_position=&#8221;middle&#8221; column_margin=&#8221;default&#8221; column_direction=&#8221;default&#8221; column_direction_tablet=&#8221;default&#8221; column_direction_phone=&#8221;default&#8221; bg_color=&#8221;#ffffff&#8221; scene_position=&#8221;center&#8221; top_padding=&#8221;80px&#8221; bottom_padding=&#8221;80px&#8221; text_color=&#8221;custom&#8221; custom_text_color=&#8221;#2c2a29&#8243; text_align=&#8221;left&#8221; row_border_radius=&#8221;none&#8221; row_border_radius_applies=&#8221;bg&#8221; overflow=&#8221;visible&#8221; overlay_strength=&#8221;0.3&#8243; gradient_direction=&#8221;left_to_right&#8221; shape_divider_position=&#8221;bottom&#8221; bg_image_animation=&#8221;none&#8221; gradient_type=&#8221;default&#8221; shape_type=&#8221;&#8221;][vc_column column_padding=&#8221;no-extra-padding&#8221; column_padding_tablet=&#8221;inherit&#8221; column_padding_phone=&#8221;inherit&#8221; column_padding_position=&#8221;all&#8221; column_element_direction_desktop=&#8221;default&#8221; column_element_spacing=&#8221;default&#8221; desktop_text_alignment=&#8221;default&#8221;&#8230;<\/p>\n","protected":false},"author":1,"featured_media":0,"parent":0,"menu_order":0,"comment_status":"closed","ping_status":"closed","template":"","meta":{"footnotes":""},"class_list":["post-487","page","type-page","status-publish"],"_links":{"self":[{"href":"https:\/\/catedraseat.upc.edu\/ca\/wp-json\/wp\/v2\/pages\/487","targetHints":{"allow":["GET"]}}],"collection":[{"href":"https:\/\/catedraseat.upc.edu\/ca\/wp-json\/wp\/v2\/pages"}],"about":[{"href":"https:\/\/catedraseat.upc.edu\/ca\/wp-json\/wp\/v2\/types\/page"}],"author":[{"embeddable":true,"href":"https:\/\/catedraseat.upc.edu\/ca\/wp-json\/wp\/v2\/users\/1"}],"replies":[{"embeddable":true,"href":"https:\/\/catedraseat.upc.edu\/ca\/wp-json\/wp\/v2\/comments?post=487"}],"version-history":[{"count":84,"href":"https:\/\/catedraseat.upc.edu\/ca\/wp-json\/wp\/v2\/pages\/487\/revisions"}],"predecessor-version":[{"id":1180,"href":"https:\/\/catedraseat.upc.edu\/ca\/wp-json\/wp\/v2\/pages\/487\/revisions\/1180"}],"wp:attachment":[{"href":"https:\/\/catedraseat.upc.edu\/ca\/wp-json\/wp\/v2\/media?parent=487"}],"curies":[{"name":"wp","href":"https:\/\/api.w.org\/{rel}","templated":true}]}}